{"id":4916,"date":"2020-05-21T09:57:56","date_gmt":"2020-05-21T07:57:56","guid":{"rendered":"https:\/\/cezarusa.com\/about\/"},"modified":"2020-06-29T14:45:24","modified_gmt":"2020-06-29T12:45:24","slug":"uber-uns","status":"publish","type":"page","link":"https:\/\/cezarusa.com\/de\/uber-uns\/","title":{"rendered":"\u00dcber uns"},"content":{"rendered":"\n<p>Produktionsunternehmen Cezar ist einer der wichtigsten Produzenten von Renovierungsmaterialien. Firma Cezar ist seit sechziger Jahren t\u00e4tig und ihr dynamisches Wachstum wird seit 1997 notiert, als Fabrik mit einem modernen Maschinenpark in der Sonderwirtschaftszone Suwalken entstand.<\/p>\n\n\n\n<p>Die Dynamik der Entwicklung und die Innovation der Produktion vom Produktionsunternehmen Cezar f\u00fchrten zur Entstehung der Cezar Gruppe, deren Ziel die weitere Entwicklung ist, die auf der Umsetzung von neuen Technologien und Produkten basiert.<\/p>\n\n\n\n<p>Durch Handlungen zur Erh\u00f6hung der Testergebnisse und Erkl\u00e4rung der Erzeugnismerkmale wurde 2002 Qualit\u00e4tssystem ISO 9001 implementiert. Die Implementierung des Systems verst\u00e4rkte die Position des Unternehmens auf dem Markt. Eine umfassende Qualit\u00e4tskontrolle des Prozesses und der Produkte garantiert das h\u00f6chste Niveau an Kundenzufriedenheit.<\/p>\n","protected":false},"excerpt":{"rendered":"<p>Produktionsunternehmen Cezar ist einer der wichtigsten Produzenten von Renovierungsmaterialien. Firma Cezar ist seit sechziger Jahren t\u00e4tig und ihr dynamisches Wachstum wird seit 1997 notiert, als Fabrik mit einem modernen Maschinenpark in der Sonderwirtschaftszone Suwalken entstand. Die Dynamik der Entwicklung und die Innovation der Produktion vom Produktionsunternehmen Cezar f\u00fchrten zur Entstehung der Cezar Gruppe, deren Ziel [&hellip;]<\/p>\n","protected":false},"author":2,"featured_media":0,"parent":0,"menu_order":0,"comment_status":"closed","ping_status":"closed","template":"page-about.php","meta":[],"yoast_head":"<!-- This site is optimized with the Yoast SEO plugin v15.5 - https:\/\/yoast.com\/wordpress\/plugins\/seo\/ -->\n<meta name=\"robots\" content=\"index, follow, max-snippet:-1, max-image-preview:large, max-video-preview:-1\" \/>\n<link rel=\"canonical\" href=\"https:\/\/cezarusa.com\/de\/uber-uns\/\" \/>\n<meta property=\"og:locale\" content=\"de_DE\" \/>\n<meta property=\"og:type\" content=\"article\" \/>\n<meta property=\"og:title\" content=\"\u00dcber uns - Cezar USA\" \/>\n<meta property=\"og:description\" content=\"Produktionsunternehmen Cezar ist einer der wichtigsten Produzenten von Renovierungsmaterialien. Firma Cezar ist seit sechziger Jahren t\u00e4tig und ihr dynamisches Wachstum wird seit 1997 notiert, als Fabrik mit einem modernen Maschinenpark in der Sonderwirtschaftszone Suwalken entstand. Die Dynamik der Entwicklung und die Innovation der Produktion vom Produktionsunternehmen Cezar f\u00fchrten zur Entstehung der Cezar Gruppe, deren Ziel [&hellip;]\" \/>\n<meta property=\"og:url\" content=\"https:\/\/cezarusa.com\/de\/uber-uns\/\" \/>\n<meta property=\"og:site_name\" content=\"Cezar USA\" \/>\n<meta property=\"article:modified_time\" content=\"2020-06-29T12:45:24+00:00\" \/>\n<meta name=\"twitter:card\" content=\"summary_large_image\" \/>\n<meta name=\"twitter:label1\" content=\"Est. reading time\">\n\t<meta name=\"twitter:data1\" content=\"0 Minuten\">\n<script type=\"application\/ld+json\" class=\"yoast-schema-graph\">{\"@context\":\"https:\/\/schema.org\",\"@graph\":[{\"@type\":\"WebSite\",\"@id\":\"https:\/\/cezarusa.com\/de\/#website\",\"url\":\"https:\/\/cezarusa.com\/de\/\",\"name\":\"Cezar USA\",\"description\":\"\",\"potentialAction\":[{\"@type\":\"SearchAction\",\"target\":\"https:\/\/cezarusa.com\/de\/?s={search_term_string}\",\"query-input\":\"required name=search_term_string\"}],\"inLanguage\":\"de-DE\"},{\"@type\":\"WebPage\",\"@id\":\"https:\/\/cezarusa.com\/de\/uber-uns\/#webpage\",\"url\":\"https:\/\/cezarusa.com\/de\/uber-uns\/\",\"name\":\"\\u00dcber uns - Cezar USA\",\"isPartOf\":{\"@id\":\"https:\/\/cezarusa.com\/de\/#website\"},\"datePublished\":\"2020-05-21T07:57:56+00:00\",\"dateModified\":\"2020-06-29T12:45:24+00:00\",\"inLanguage\":\"de-DE\",\"potentialAction\":[{\"@type\":\"ReadAction\",\"target\":[\"https:\/\/cezarusa.com\/de\/uber-uns\/\"]}]}]}<\/script>\n<!-- \/ Yoast SEO plugin. -->","_links":{"self":[{"href":"https:\/\/cezarusa.com\/de\/wp-json\/wp\/v2\/pages\/4916"}],"collection":[{"href":"https:\/\/cezarusa.com\/de\/wp-json\/wp\/v2\/pages"}],"about":[{"href":"https:\/\/cezarusa.com\/de\/wp-json\/wp\/v2\/types\/page"}],"author":[{"embeddable":true,"href":"https:\/\/cezarusa.com\/de\/wp-json\/wp\/v2\/users\/2"}],"replies":[{"embeddable":true,"href":"https:\/\/cezarusa.com\/de\/wp-json\/wp\/v2\/comments?post=4916"}],"version-history":[{"count":4,"href":"https:\/\/cezarusa.com\/de\/wp-json\/wp\/v2\/pages\/4916\/revisions"}],"predecessor-version":[{"id":6430,"href":"https:\/\/cezarusa.com\/de\/wp-json\/wp\/v2\/pages\/4916\/revisions\/6430"}],"wp:attachment":[{"href":"https:\/\/cezarusa.com\/de\/wp-json\/wp\/v2\/media?parent=4916"}],"curies":[{"name":"wp","href":"https:\/\/api.w.org\/{rel}","templated":true}]}}