{"id":4945,"date":"2020-05-21T09:58:21","date_gmt":"2020-05-21T07:58:21","guid":{"rendered":"https:\/\/cezarusa.com\/contact\/"},"modified":"2020-06-29T14:13:31","modified_gmt":"2020-06-29T12:13:31","slug":"kontakt","status":"publish","type":"page","link":"https:\/\/cezarusa.com\/de\/kontakt\/","title":{"rendered":"Kontakt"},"content":{"rendered":"\n<p>CEZAR Przedsi\u0119biorstwo Produkcyjne<br>Dariusz Bogdan Niewi\u0144ski<\/p>\n\n\n\n<p>ul. Strefowa 2, 19-300 E\u0142k<\/p>\n\n\n\n<p>tel. Centrala: +48 87 620 99 00<br>fax: +48 87 620 99 88<br>e-mail: <a href=\"mail&#116;&#111;&#58;&#99;&#101;&#x7a;&#x61;&#x72;&#x40;&#x63;&#x65;&#x7a;arus&#97;&#46;&#99;&#111;&#109;\">&#99;&#101;&#x7a;a&#114;&#x40;&#x63;e&#122;&#x61;&#x72;u&#115;&#x61;&#46;&#99;&#x6f;&#x6d;<\/a><\/p>\n\n\n\n<p>NIP: 542-001-15-79<br>REGON: 050126950<\/p>\n","protected":false},"excerpt":{"rendered":"<p>CEZAR Przedsi\u0119biorstwo ProdukcyjneDariusz Bogdan Niewi\u0144ski ul. Strefowa 2, 19-300 E\u0142k tel. Centrala: +48 87 620 99 00fax: +48 87 620 99 88e-mail: c&#101;&#x7a;&#x61;r&#64;&#99;&#x65;&#x7a;a&#114;&#117;&#x73;&#x61;&#46;&#99;&#x6f;&#x6d; NIP: 542-001-15-79REGON: 050126950<\/p>\n","protected":false},"author":2,"featured_media":0,"parent":0,"menu_order":0,"comment_status":"closed","ping_status":"closed","template":"page-contact.php","meta":[],"yoast_head":"<!-- This site is optimized with the Yoast SEO plugin v15.5 - https:\/\/yoast.com\/wordpress\/plugins\/seo\/ -->\n<meta name=\"robots\" content=\"index, follow, max-snippet:-1, max-image-preview:large, max-video-preview:-1\" \/>\n<link rel=\"canonical\" href=\"https:\/\/cezarusa.com\/de\/kontakt\/\" \/>\n<meta property=\"og:locale\" content=\"de_DE\" \/>\n<meta property=\"og:type\" content=\"article\" \/>\n<meta property=\"og:title\" content=\"Kontakt - Cezar USA\" \/>\n<meta property=\"og:description\" content=\"CEZAR Przedsi\u0119biorstwo ProdukcyjneDariusz Bogdan Niewi\u0144ski ul. Strefowa 2, 19-300 E\u0142k tel. Centrala: +48 87 620 99 00fax: +48 87 620 99 88e-mail: &#099;&#x65;&#122;&#x61;&#114;&#x40;c&#x65;z&#x61;r&#117;&#x73;&#097;&#x2e;&#099;&#x6f;&#109; NIP: 542-001-15-79REGON: 050126950\" \/>\n<meta property=\"og:url\" content=\"https:\/\/cezarusa.com\/de\/kontakt\/\" \/>\n<meta property=\"og:site_name\" content=\"Cezar USA\" \/>\n<meta property=\"article:modified_time\" content=\"2020-06-29T12:13:31+00:00\" \/>\n<meta name=\"twitter:card\" content=\"summary_large_image\" \/>\n<meta name=\"twitter:label1\" content=\"Est. reading time\">\n\t<meta name=\"twitter:data1\" content=\"0 Minuten\">\n<script type=\"application\/ld+json\" class=\"yoast-schema-graph\">{\"@context\":\"https:\/\/schema.org\",\"@graph\":[{\"@type\":\"WebSite\",\"@id\":\"https:\/\/cezarusa.com\/de\/#website\",\"url\":\"https:\/\/cezarusa.com\/de\/\",\"name\":\"Cezar USA\",\"description\":\"\",\"potentialAction\":[{\"@type\":\"SearchAction\",\"target\":\"https:\/\/cezarusa.com\/de\/?s={search_term_string}\",\"query-input\":\"required name=search_term_string\"}],\"inLanguage\":\"de-DE\"},{\"@type\":\"WebPage\",\"@id\":\"https:\/\/cezarusa.com\/de\/kontakt\/#webpage\",\"url\":\"https:\/\/cezarusa.com\/de\/kontakt\/\",\"name\":\"Kontakt - Cezar USA\",\"isPartOf\":{\"@id\":\"https:\/\/cezarusa.com\/de\/#website\"},\"datePublished\":\"2020-05-21T07:58:21+00:00\",\"dateModified\":\"2020-06-29T12:13:31+00:00\",\"inLanguage\":\"de-DE\",\"potentialAction\":[{\"@type\":\"ReadAction\",\"target\":[\"https:\/\/cezarusa.com\/de\/kontakt\/\"]}]}]}<\/script>\n<!-- \/ Yoast SEO plugin. -->","_links":{"self":[{"href":"https:\/\/cezarusa.com\/de\/wp-json\/wp\/v2\/pages\/4945"}],"collection":[{"href":"https:\/\/cezarusa.com\/de\/wp-json\/wp\/v2\/pages"}],"about":[{"href":"https:\/\/cezarusa.com\/de\/wp-json\/wp\/v2\/types\/page"}],"author":[{"embeddable":true,"href":"https:\/\/cezarusa.com\/de\/wp-json\/wp\/v2\/users\/2"}],"replies":[{"embeddable":true,"href":"https:\/\/cezarusa.com\/de\/wp-json\/wp\/v2\/comments?post=4945"}],"version-history":[{"count":2,"href":"https:\/\/cezarusa.com\/de\/wp-json\/wp\/v2\/pages\/4945\/revisions"}],"predecessor-version":[{"id":6420,"href":"https:\/\/cezarusa.com\/de\/wp-json\/wp\/v2\/pages\/4945\/revisions\/6420"}],"wp:attachment":[{"href":"https:\/\/cezarusa.com\/de\/wp-json\/wp\/v2\/media?parent=4945"}],"curies":[{"name":"wp","href":"https:\/\/api.w.org\/{rel}","templated":true}]}}