{"id":4682,"date":"2020-05-29T09:35:01","date_gmt":"2020-05-29T07:35:01","guid":{"rendered":"https:\/\/cezarusa.com\/warunki-newslettera\/"},"modified":"2020-06-19T15:01:00","modified_gmt":"2020-06-19T13:01:00","slug":"newsletter-term-and-conditions","status":"publish","type":"page","link":"https:\/\/cezarusa.com\/en\/newsletter-term-and-conditions\/","title":{"rendered":"Newsletter term and conditions"},"content":{"rendered":"\n<p>Pursuant to the law * we kindly ask for your consent to send electronic information (periodically one or twice per month) on new products and promotions prepared by the firm.<\/p>\n\n\n\n<p><strong>Cezar Przedsi\u0119biorstwo Produkcyjne<\/strong><br><strong>Dariusz Bogdan Niewi\u0144ski<br>ul. Strefowa 2, 19-300 E\u0142k<\/strong><br><a href=\"http:\/\/www.cezarusa.com\/\">www.cezarusa.com<\/a><\/p>\n\n\n\n<p>If you consent to receive above mentioned materials please accept terms and conditions hereto write your email and click \u201esend\u201d.<\/p>\n\n\n\n<p>You can unsubscribe from this newsletter at any time, just send \u201e<strong>REZYGNUJ\u0118<\/strong>\u201d to n&#101;&#x77;&#x73;l&#101;&#116;&#x74;&#x65;r&#64;&#99;&#x65;&#x7a;a&#114;&#x2d;&#x6e;&#x65;w&#115;&#x2e;&#x65;u.<\/p>\n\n\n\n<p>*Act of 18 July 2002 on Rendering Electronic Services (Journal of laws 144, item 1204) and UOKiK directive.<\/p>\n\n\n\n<p>I&nbsp;agree to the processing of my personal data by CEZAR Przedsi\u0119biorstwo Produkcyjne Dariusz Bogdan Niewi\u0144ski Strefowa 2, 19-300 E\u0142k in order to query and execute orders.<\/p>\n","protected":false},"excerpt":{"rendered":"<p>Pursuant to the law * we kindly ask for your consent to send electronic information (periodically one or twice per month) on new products and promotions prepared by the firm. Cezar Przedsi\u0119biorstwo ProdukcyjneDariusz Bogdan Niewi\u0144skiul. Strefowa 2, 19-300 E\u0142kwww.cezarusa.com If you consent to receive above mentioned materials please accept terms and conditions hereto write your [&hellip;]<\/p>\n","protected":false},"author":2,"featured_media":0,"parent":0,"menu_order":0,"comment_status":"closed","ping_status":"closed","template":"","meta":[],"yoast_head":"<!-- This site is optimized with the Yoast SEO plugin v15.5 - https:\/\/yoast.com\/wordpress\/plugins\/seo\/ -->\n<meta name=\"robots\" content=\"index, follow, max-snippet:-1, max-image-preview:large, max-video-preview:-1\" \/>\n<link rel=\"canonical\" href=\"https:\/\/cezarusa.com\/en\/newsletter-term-and-conditions\/\" \/>\n<meta property=\"og:locale\" content=\"en_US\" \/>\n<meta property=\"og:type\" content=\"article\" \/>\n<meta property=\"og:title\" content=\"Newsletter term and conditions - Cezar USA\" \/>\n<meta property=\"og:description\" content=\"Pursuant to the law * we kindly ask for your consent to send electronic information (periodically one or twice per month) on new products and promotions prepared by the firm. Cezar Przedsi\u0119biorstwo ProdukcyjneDariusz Bogdan Niewi\u0144skiul. Strefowa 2, 19-300 E\u0142kwww.cezarusa.com If you consent to receive above mentioned materials please accept terms and conditions hereto write your [&hellip;]\" \/>\n<meta property=\"og:url\" content=\"https:\/\/cezarusa.com\/en\/newsletter-term-and-conditions\/\" \/>\n<meta property=\"og:site_name\" content=\"Cezar USA\" \/>\n<meta property=\"article:modified_time\" content=\"2020-06-19T13:01:00+00:00\" \/>\n<meta name=\"twitter:card\" content=\"summary_large_image\" \/>\n<meta name=\"twitter:label1\" content=\"Est. reading time\">\n\t<meta name=\"twitter:data1\" content=\"0 minutes\">\n<script type=\"application\/ld+json\" class=\"yoast-schema-graph\">{\"@context\":\"https:\/\/schema.org\",\"@graph\":[{\"@type\":\"WebSite\",\"@id\":\"https:\/\/cezarusa.com\/de\/#website\",\"url\":\"https:\/\/cezarusa.com\/de\/\",\"name\":\"Cezar USA\",\"description\":\"\",\"potentialAction\":[{\"@type\":\"SearchAction\",\"target\":\"https:\/\/cezarusa.com\/de\/?s={search_term_string}\",\"query-input\":\"required name=search_term_string\"}],\"inLanguage\":\"en-US\"},{\"@type\":\"WebPage\",\"@id\":\"https:\/\/cezarusa.com\/en\/newsletter-term-and-conditions\/#webpage\",\"url\":\"https:\/\/cezarusa.com\/en\/newsletter-term-and-conditions\/\",\"name\":\"Newsletter term and conditions - Cezar USA\",\"isPartOf\":{\"@id\":\"https:\/\/cezarusa.com\/de\/#website\"},\"datePublished\":\"2020-05-29T07:35:01+00:00\",\"dateModified\":\"2020-06-19T13:01:00+00:00\",\"inLanguage\":\"en-US\",\"potentialAction\":[{\"@type\":\"ReadAction\",\"target\":[\"https:\/\/cezarusa.com\/en\/newsletter-term-and-conditions\/\"]}]}]}<\/script>\n<!-- \/ Yoast SEO plugin. -->","_links":{"self":[{"href":"https:\/\/cezarusa.com\/en\/wp-json\/wp\/v2\/pages\/4682"}],"collection":[{"href":"https:\/\/cezarusa.com\/en\/wp-json\/wp\/v2\/pages"}],"about":[{"href":"https:\/\/cezarusa.com\/en\/wp-json\/wp\/v2\/types\/page"}],"author":[{"embeddable":true,"href":"https:\/\/cezarusa.com\/en\/wp-json\/wp\/v2\/users\/2"}],"replies":[{"embeddable":true,"href":"https:\/\/cezarusa.com\/en\/wp-json\/wp\/v2\/comments?post=4682"}],"version-history":[{"count":1,"href":"https:\/\/cezarusa.com\/en\/wp-json\/wp\/v2\/pages\/4682\/revisions"}],"predecessor-version":[{"id":4684,"href":"https:\/\/cezarusa.com\/en\/wp-json\/wp\/v2\/pages\/4682\/revisions\/4684"}],"wp:attachment":[{"href":"https:\/\/cezarusa.com\/en\/wp-json\/wp\/v2\/media?parent=4682"}],"curies":[{"name":"wp","href":"https:\/\/api.w.org\/{rel}","templated":true}]}}