{"id":10475,"date":"2020-07-17T12:31:55","date_gmt":"2020-07-17T10:31:55","guid":{"rendered":"https:\/\/cezarusa.com\/?page_id=10475"},"modified":"2020-07-17T12:31:55","modified_gmt":"2020-07-17T10:31:55","slug":"polityka-bezpieczenstwa","status":"publish","type":"page","link":"https:\/\/cezarusa.com\/pl\/polityka-bezpieczenstwa\/","title":{"rendered":"Polityka Bezpiecze\u0144stwa"},"content":{"rendered":"\n<p>Polityka skierowana jest do&nbsp;u\u017cytkownik\u00f3w strony internetowej: https:\/\/www.cezarusa.com<\/p>\n\n\n\n<p>W&nbsp;Polityce zosta\u0142y opisane zasady gromadzenia oraz&nbsp;wykorzystywania danych u\u017cytkownik\u00f3w serwisu, kt\u00f3re s\u0105 gromadzone bezpo\u015brednio od nich lub&nbsp;za&nbsp;po\u015brednictwem plik\u00f3w cookies oraz&nbsp;podobnych technologii.<\/p>\n\n\n\n<p><strong>Administrator danych i&nbsp;kontakt do&nbsp;niego.<\/strong><\/p>\n\n\n\n<p>Administratorem danych gromadzonych w&nbsp;zwi\u0105zku z&nbsp;korzystaniem z&nbsp;Serwisu jest <strong>CEZAR, <\/strong>Przedsi\u0119biorstwo Produkcyjne Dariusz Bogdan Niewi\u0144ski. z&nbsp;siedzib\u0105 przy&nbsp;ul. Strefowej 2, w&nbsp; E\u0142ku, tel. +48 87 620 99 00, e-mail &#x63;&#101;&#122;&#x61;&#x72;&#64;&#99;&#x65;&#x7a;&#97;&#114;&#x75;&#x73;&#97;&#46;&#x63;&#x6f;&#109;. W&nbsp;sprawach zwi\u0105zanych z&nbsp;przetwarzaniem Pa\u0144stwa danych przez&nbsp;Administratora mo\u017cna kontaktowa\u0107 si\u0119 z&nbsp;wykorzystaniem powy\u017cszych danych adresowych.<\/p>\n\n\n\n<p><strong>Zakres zbieranych danych.<\/strong><\/p>\n\n\n\n<p>1. Serwis umo\u017cliwia Pani\/u kontaktowanie si\u0119 z&nbsp;Administratorem i&nbsp;przekazanie mu Pani\/a danych identyfikacyjnych, kontaktowych, a&nbsp;tak\u017ce zwi\u0105zanych z&nbsp;tre\u015bci\u0105 wiadomo\u015bci.<\/p>\n\n\n\n<p>2. Administrator gromadzi dane zwi\u0105zane z&nbsp;Pani\/a aktywno\u015bci\u0105, jak na&nbsp;przyk\u0142ad czas sp\u0119dzony na&nbsp;stronie, wyszukiwane frazy, liczba wy\u015bwietlonych podstron, data i&nbsp;\u017ar\u00f3d\u0142o wizyty.<\/p>\n\n\n\n<p><strong>\u0179r\u00f3d\u0142o danych.<\/strong><\/p>\n\n\n\n<p>1. Je\u017celi&nbsp;kontaktowa\u0142a si\u0119 Pani\/Pan z&nbsp;Administratorem, dane zosta\u0142y udost\u0119pnione nam bezpo\u015brednio od Pani\/a.<\/p>\n\n\n\n<p>2. Je\u017celi&nbsp;Pani\/a dane zosta\u0142y przekazane w&nbsp;zwi\u0105zku z&nbsp;za\u0142atwian\u0105 spraw\u0105 przez&nbsp;osob\u0119, kt\u00f3ra t\u0119 spraw\u0119 skierowa\u0142a do&nbsp;Administratora, to \u017ar\u00f3d\u0142em danych jest ta osoba. W&nbsp;takim wypadku Administrator otrzymuje dane identyfikacyjne, adresowe i&nbsp;zwi\u0105zane ze spraw\u0105, jak opis sprawy.&nbsp;<\/p>\n\n\n\n<p><strong>Cel i&nbsp;podstawa prawna przetwarzania danych osobowych.<\/strong><\/p>\n\n\n\n<p>Pani\/a dane mog\u0105 by\u0107 przetwarzane w&nbsp;celu:<\/p>\n\n\n\n<p>\u2022 analizy ruchu sieciowego, zapewnienia bezpiecze\u0144stwa w&nbsp;ramach Serwisu oraz&nbsp;dostosowywania tre\u015bci do&nbsp;potrzeb u\u017cytkownik\u00f3w na&nbsp;podstawie prawnie uzasadnionego interesu Administratora (art. 6 ust. 1 lit. f RODO);<\/p>\n\n\n\n<p>\u2022 udzielania odpowiedzi na&nbsp;zadane pytania, przekazania zam\u00f3wionej oferty i&nbsp;prowadzenia korespondencji w&nbsp;celu za\u0142atwienia sprawy, na&nbsp;podstawie Pani\/a zgody i&nbsp;prawnie uzasadnionego interesu administratora, jakim jest realizowanie \u017c\u0105da\u0144 u\u017cytkownik\u00f3w (art. 6 ust. 1 lit. a&nbsp;i f RODO).<\/p>\n\n\n\n<p><strong>Prawo do&nbsp;wycofania zgody.<\/strong><\/p>\n\n\n\n<p>Zgod\u0119 na&nbsp;przetwarzanie danych kontaktowych mo\u017ce Pani\/Pan wycofa\u0107 w&nbsp;dowolnym momencie kontaktuj\u0105c si\u0119 z&nbsp;Administratorem. Wycofanie zgody mo\u017ce utrudni\u0107 lub&nbsp;uniemo\u017cliwi\u0107 kontakt z&nbsp;Pani\u0105\/em.<\/p>\n\n\n\n<p><strong>Obowi\u0105zek lub&nbsp;dobrowolno\u015b\u0107 podania danych&nbsp;<\/strong><\/p>\n\n\n\n<p>1. Podanie danych przez&nbsp;Pani\u0105\/a w&nbsp;celach zwi\u0105zanych z&nbsp;obs\u0142ug\u0105 sprawy jest dobrowolne, ale&nbsp;niezb\u0119dne. Ich niepodanie mo\u017ce utrudni\u0107 lub&nbsp;uniemo\u017cliwi\u0107 rozpatrzenie sprawy.<\/p>\n\n\n\n<p>2. Podanie danych niezb\u0119dnych do&nbsp;analizy statycznej u\u017cytkownik\u00f3w Serwisu jest dobrowolne. Mo\u017ce Pan\/i skorzysta\u0107 z&nbsp;tzw. trybu incognito w&nbsp;celu przegl\u0105dania strony bez udost\u0119pniania Administratorowi informacji o&nbsp;Pani\/a wizycie w&nbsp;Serwisie. Korzystanie z&nbsp;trybu incognito, a&nbsp;zatem niepodanie danych, nie ma wp\u0142ywu na&nbsp;mo\u017cliwo\u015b\u0107 korzystania z&nbsp;Serwisu.<\/p>\n\n\n\n<p><strong>Uprawnienia wynikaj\u0105ce z&nbsp;RODO w&nbsp;zakresie przetwarzanych danych<\/strong><\/p>\n\n\n\n<p>Ma Pani\/Pan prawo:&nbsp;<\/p>\n\n\n\n<p>* \u017c\u0105da\u0107 od Administratora wgl\u0105du do&nbsp;Pani\/a danych, a&nbsp;tak\u017ce otrzymania ich kopii (art. 15 RODO);<\/p>\n\n\n\n<p>* \u017c\u0105da\u0107 od Administratora sprostowania lub&nbsp;poprawienia danych (art. 16 RODO) &#8211; w&nbsp;odniesieniu do&nbsp;\u017c\u0105dania sprostowania danych, gdy zauwa\u017cy Pani\/Pan, \u017ce&nbsp;dane s\u0105 nieprawid\u0142owe lub&nbsp;niekompletne;<\/p>\n\n\n\n<p>* \u017c\u0105da\u0107 od Administratora usuni\u0119cia danych (art. 17 RODO);<\/p>\n\n\n\n<p>* \u017c\u0105da\u0107 od Administratora ograniczenia przetwarzania (18 RODO) &#8211; np.&nbsp;gdy zauwa\u017cy Pani\/Pan, \u017ce&nbsp;dane s\u0105 nieprawid\u0142owe &#8211; mo\u017ce Pani\/Pan \u017c\u0105da\u0107 ograniczenia przetwarzania swoich danych na&nbsp;okres pozwalaj\u0105cy nam sprawdzi\u0107 prawid\u0142owo\u015b\u0107 tych danych);<\/p>\n\n\n\n<p>* wniesienia skargi w&nbsp;zwi\u0105zku z&nbsp;przetwarzaniem przez&nbsp;Administratora Pani\/Pana danych osobowych do&nbsp;Prezesa Urz\u0119du Ochrony Danych Osobowych.<\/p>\n\n\n\n<p><strong>Odbiorcy Pani\/Pana danych osobowych<\/strong><\/p>\n\n\n\n<p>Odbiorcami Pani\/a danych osobowych mog\u0105 by\u0107 wy\u0142\u0105cznie podmioty, kt\u00f3re uprawnione s\u0105 do&nbsp;ich otrzymania na&nbsp;mocy przepis\u00f3w prawa. Ponadto Pani\/a dane mog\u0105 by\u0107 udost\u0119pnione kurierom, operatorom pocztowym, dostawcy hostingu, serwera poczty.<\/p>\n\n\n\n<p><strong>Czas przechowywania danych<\/strong><\/p>\n\n\n\n<p>Pani\/a dane osobowe b\u0119d\u0105 przechowywane do&nbsp;czasu wycofania zgody lub&nbsp;do&nbsp;czasu za\u0142atwienia sprawy, a&nbsp;nast\u0119pnie do&nbsp;up\u0142ywu okresu przedawnienia roszcze\u0144 stron zwi\u0105zanych z&nbsp;jej realizacj\u0105.&nbsp;<\/p>\n\n\n\n<p>Dane zwi\u0105zane z&nbsp;analiz\u0105 ruchu sieciowego gromadzone za&nbsp;po\u015brednictwem plik\u00f3w cookies oraz&nbsp;podobnych technologii mog\u0105 by\u0107 przechowywane do&nbsp;momentu wyga\u015bni\u0119cia pliku cookie. Niekt\u00f3re pliki cookie nigdy nie wygasaj\u0105, w&nbsp;zwi\u0105zku z&nbsp;tym czas przechowywania danych b\u0119dzie r\u00f3wnowa\u017cny z&nbsp;czasem niezb\u0119dnym administratorowi do&nbsp;zrealizowania cel\u00f3w zwi\u0105zanych z&nbsp;gromadzeniem danych, jak zapewnienie bezpiecze\u0144stwa i&nbsp;analiza danych historycznych zwi\u0105zanych z&nbsp;ruchem na&nbsp;stronie.&nbsp;<\/p>\n\n\n\n<p><strong>Przekazywanie danych do&nbsp;pa\u0144stwa trzeciego lub&nbsp;organizacji mi\u0119dzynarodowej<\/strong><\/p>\n\n\n\n<p>Pani\/a dane nie b\u0119d\u0105 przekazywane do&nbsp;Pa\u0144stw trzecich ani&nbsp;organizacji mi\u0119dzynarodowych<\/p>\n\n\n\n<p><strong>Wykorzystywanie plik\u00f3w cookies oraz&nbsp;podobnych technologii<\/strong><\/p>\n\n\n\n<p>Serwis umo\u017cliwia gromadzenie informacji o&nbsp;u\u017cytkowniku za&nbsp;po\u015brednictwem cookies oraz&nbsp;podobnych technologii, kt\u00f3rych korzystanie najcz\u0119\u015bciej wi\u0105\u017ce si\u0119 z&nbsp;zainstalowaniem tego narz\u0119dzia na&nbsp;urz\u0105dzeniu u\u017cytkownika (komputer, smartfon, itd.). Wykorzystuje si\u0119 te informacje do&nbsp;zapami\u0119tywania decyzji u\u017cytkownika (wyb\u00f3r czcionki, kontrastu, akceptacja polityki), utrzymania sesji u\u017cytkownika (np. po&nbsp;zalogowaniu), zapami\u0119tania has\u0142a (za zgod\u0105), gromadzenia informacji o&nbsp;urz\u0105dzeniu u\u017cytkownika oraz&nbsp;jego wizycie s\u0142u\u017c\u0105ce do&nbsp;zapewnienia bezpiecze\u0144stwa, ale&nbsp;tak\u017ce analizy wizyt i&nbsp;dostosowania tre\u015bci.<\/p>\n\n\n\n<p>Informacje pozyskane za&nbsp;po\u015brednictwem cookies oraz&nbsp;podobnych technologii nie s\u0105 \u0142\u0105czone z&nbsp;innymi danymi u\u017cytkownik\u00f3w Serwisu, nie s\u0142u\u017c\u0105 te\u017c do&nbsp;ich identyfikacji przez&nbsp;Administratora.&nbsp;<\/p>\n\n\n\n<p>U\u017cytkownik ma mo\u017cliwo\u015b\u0107 ustawi\u0107 w&nbsp;przegl\u0105darce blokowanie okre\u015blonych rodzaj\u00f3w cookies i&nbsp;innych technologii, poprzez okre\u015blenie na&nbsp;przyk\u0142ad, \u017ce&nbsp;dozwolone b\u0119d\u0105 tylko i&nbsp;wy\u0142\u0105cznie te, kt\u00f3re s\u0105 niezb\u0119dne do&nbsp;poprawnego wy\u015bwietlenia strony. Domy\u015blnie wi\u0119kszo\u015b\u0107 przegl\u0105darek dopuszcza stosowanie wszystkich cookies, jednak&nbsp;u\u017cytkownik ma mo\u017cliwo\u015b\u0107 zmiany tych ustawie\u0144 w&nbsp;dowolnym momencie, mo\u017ce tak\u017ce usun\u0105\u0107 zainstalowane ju\u017c pliki cookies. Ka\u017cda z&nbsp;przegl\u0105darek umo\u017cliwia takie dzia\u0142anie poprzez jedn\u0105 z&nbsp;dost\u0119pnych w&nbsp;ustawieniach lub&nbsp;preferencjach opcji.<\/p>\n\n\n\n<p>U\u017cytkownik ma tak\u017ce mo\u017cliwo\u015b\u0107 korzysta\u0107 ze strony w&nbsp;tzw. trybie incognito, kt\u00f3ry blokuje mo\u017cliwo\u015b\u0107 gromadzenia danych o&nbsp;jego wizycie.<\/p>\n\n\n\n<p>Korzystanie z&nbsp;serwisu bez zmiany ustawie\u0144 przegl\u0105darki, tzn. z&nbsp;domy\u015blnym akceptowaniem plik\u00f3w cookies i&nbsp;podobnych technologii oznacza zgod\u0119 na&nbsp;ich wykorzystanie do&nbsp;okre\u015blonych powy\u017cej cel\u00f3w. Administrator nie wykorzystuje uzyskanych informacji do&nbsp;cel\u00f3w marketingowych.&nbsp;<\/p>\n","protected":false},"excerpt":{"rendered":"<p>Polityka skierowana jest do&nbsp;u\u017cytkownik\u00f3w strony internetowej: https:\/\/www.cezarusa.com W&nbsp;Polityce zosta\u0142y opisane zasady gromadzenia oraz&nbsp;wykorzystywania danych u\u017cytkownik\u00f3w serwisu, kt\u00f3re s\u0105 gromadzone bezpo\u015brednio od nich lub&nbsp;za&nbsp;po\u015brednictwem plik\u00f3w cookies oraz&nbsp;podobnych technologii. Administrator danych i&nbsp;kontakt do&nbsp;niego. Administratorem danych gromadzonych w&nbsp;zwi\u0105zku z&nbsp;korzystaniem z&nbsp;Serwisu jest CEZAR, Przedsi\u0119biorstwo Produkcyjne Dariusz Bogdan Niewi\u0144ski. z&nbsp;siedzib\u0105 przy&nbsp;ul. Strefowej 2, w&nbsp; E\u0142ku, tel. +48 87 620 99 [&hellip;]<\/p>\n","protected":false},"author":2,"featured_media":0,"parent":0,"menu_order":0,"comment_status":"closed","ping_status":"closed","template":"","meta":[],"yoast_head":"<!-- This site is optimized with the Yoast SEO plugin v15.5 - https:\/\/yoast.com\/wordpress\/plugins\/seo\/ -->\n<meta name=\"robots\" content=\"index, follow, max-snippet:-1, max-image-preview:large, max-video-preview:-1\" \/>\n<link rel=\"canonical\" href=\"https:\/\/cezarusa.com\/pl\/polityka-bezpieczenstwa\/\" \/>\n<meta property=\"og:locale\" content=\"pl_PL\" \/>\n<meta property=\"og:type\" content=\"article\" \/>\n<meta property=\"og:title\" content=\"Polityka Bezpiecze\u0144stwa - Cezar USA\" \/>\n<meta property=\"og:description\" content=\"Polityka skierowana jest do&nbsp;u\u017cytkownik\u00f3w strony internetowej: https:\/\/www.cezarusa.com W&nbsp;Polityce zosta\u0142y opisane zasady gromadzenia oraz&nbsp;wykorzystywania danych u\u017cytkownik\u00f3w serwisu, kt\u00f3re s\u0105 gromadzone bezpo\u015brednio od nich lub&nbsp;za&nbsp;po\u015brednictwem plik\u00f3w cookies oraz&nbsp;podobnych technologii. Administrator danych i&nbsp;kontakt do&nbsp;niego. Administratorem danych gromadzonych w&nbsp;zwi\u0105zku z&nbsp;korzystaniem z&nbsp;Serwisu jest CEZAR, Przedsi\u0119biorstwo Produkcyjne Dariusz Bogdan Niewi\u0144ski. z&nbsp;siedzib\u0105 przy&nbsp;ul. Strefowej 2, w&nbsp; E\u0142ku, tel. +48 87 620 99 [&hellip;]\" \/>\n<meta property=\"og:url\" content=\"https:\/\/cezarusa.com\/pl\/polityka-bezpieczenstwa\/\" \/>\n<meta property=\"og:site_name\" content=\"Cezar USA\" \/>\n<meta name=\"twitter:card\" content=\"summary_large_image\" \/>\n<meta name=\"twitter:label1\" content=\"Est. reading time\">\n\t<meta name=\"twitter:data1\" content=\"4 minuty\">\n<script type=\"application\/ld+json\" class=\"yoast-schema-graph\">{\"@context\":\"https:\/\/schema.org\",\"@graph\":[{\"@type\":\"WebSite\",\"@id\":\"https:\/\/cezarusa.com\/de\/#website\",\"url\":\"https:\/\/cezarusa.com\/de\/\",\"name\":\"Cezar USA\",\"description\":\"\",\"potentialAction\":[{\"@type\":\"SearchAction\",\"target\":\"https:\/\/cezarusa.com\/de\/?s={search_term_string}\",\"query-input\":\"required name=search_term_string\"}],\"inLanguage\":\"pl-PL\"},{\"@type\":\"WebPage\",\"@id\":\"https:\/\/cezarusa.com\/pl\/polityka-bezpieczenstwa\/#webpage\",\"url\":\"https:\/\/cezarusa.com\/pl\/polityka-bezpieczenstwa\/\",\"name\":\"Polityka Bezpiecze\\u0144stwa - Cezar USA\",\"isPartOf\":{\"@id\":\"https:\/\/cezarusa.com\/de\/#website\"},\"datePublished\":\"2020-07-17T10:31:55+00:00\",\"dateModified\":\"2020-07-17T10:31:55+00:00\",\"inLanguage\":\"pl-PL\",\"potentialAction\":[{\"@type\":\"ReadAction\",\"target\":[\"https:\/\/cezarusa.com\/pl\/polityka-bezpieczenstwa\/\"]}]}]}<\/script>\n<!-- \/ Yoast SEO plugin. -->","_links":{"self":[{"href":"https:\/\/cezarusa.com\/pl\/wp-json\/wp\/v2\/pages\/10475"}],"collection":[{"href":"https:\/\/cezarusa.com\/pl\/wp-json\/wp\/v2\/pages"}],"about":[{"href":"https:\/\/cezarusa.com\/pl\/wp-json\/wp\/v2\/types\/page"}],"author":[{"embeddable":true,"href":"https:\/\/cezarusa.com\/pl\/wp-json\/wp\/v2\/users\/2"}],"replies":[{"embeddable":true,"href":"https:\/\/cezarusa.com\/pl\/wp-json\/wp\/v2\/comments?post=10475"}],"version-history":[{"count":1,"href":"https:\/\/cezarusa.com\/pl\/wp-json\/wp\/v2\/pages\/10475\/revisions"}],"predecessor-version":[{"id":10476,"href":"https:\/\/cezarusa.com\/pl\/wp-json\/wp\/v2\/pages\/10475\/revisions\/10476"}],"wp:attachment":[{"href":"https:\/\/cezarusa.com\/pl\/wp-json\/wp\/v2\/media?parent=10475"}],"curies":[{"name":"wp","href":"https:\/\/api.w.org\/{rel}","templated":true}]}}