{"id":14,"date":"2020-05-21T09:57:56","date_gmt":"2020-05-21T07:57:56","guid":{"rendered":"https:\/\/cezarusa.com\/?page_id=14"},"modified":"2020-10-28T12:59:42","modified_gmt":"2020-10-28T11:59:42","slug":"o-firmie","status":"publish","type":"page","link":"https:\/\/cezarusa.com\/pl\/o-firmie\/","title":{"rendered":"O firmie"},"content":{"rendered":"\n<p>Przedsi\u0119biorstwo Produkcyjne Cezar jest jednym z&nbsp;kluczowych producent\u00f3w materia\u0142\u00f3w wyko\u0144czeniowych. Firma Cezar dzia\u0142a od ko\u0144ca lat pi\u0119\u0107dziesi\u0105tych, a&nbsp;jej dynamiczny rozw\u00f3j jest notowany od roku 1997, kiedy to w&nbsp;Suwalskiej Specjalnej Strefie Ekonomicznej w&nbsp;E\u0142ku powsta\u0142a fabryka z&nbsp;nowoczesnym parkiem maszynowym.<\/p>\n\n\n\n<p>Dynamika rozwoju i&nbsp;innowacyjno\u015b\u0107 produkcji Przedsi\u0119biorstwa Produkcyjnego Cezar doprowadzi\u0142y do&nbsp;budowy Grupy Cezar, kt\u00f3rej celem jest dalszy rozw\u00f3j bazuj\u0105cy na&nbsp;wdra\u017caniu nowych technologii i&nbsp;produkt\u00f3w.<\/p>\n\n\n\n<p>Prowadz\u0105c dzia\u0142ania maj\u0105ce na&nbsp;celu podnoszenie wynik\u00f3w bada\u0144 i&nbsp;deklarowanie w\u0142a\u015bciwo\u015bci produkt\u00f3w w&nbsp;2002 roku zosta\u0142 wdro\u017cony system jako\u015bci ISO 9001. Wdro\u017cenie systemu umocni\u0142o pozycj\u0119 firmy na&nbsp;rynku. Kompleksowa kontrola jako\u015bci procesu i&nbsp;produkt\u00f3w pozwala na&nbsp;zapewnienie najwy\u017cszego poziomu satysfakcji klienta.<\/p>\n","protected":false},"excerpt":{"rendered":"<p>Przedsi\u0119biorstwo Produkcyjne Cezar jest jednym z&nbsp;kluczowych producent\u00f3w materia\u0142\u00f3w wyko\u0144czeniowych. Firma Cezar dzia\u0142a od ko\u0144ca lat pi\u0119\u0107dziesi\u0105tych, a&nbsp;jej dynamiczny rozw\u00f3j jest notowany od roku 1997, kiedy to w&nbsp;Suwalskiej Specjalnej Strefie Ekonomicznej w&nbsp;E\u0142ku powsta\u0142a fabryka z&nbsp;nowoczesnym parkiem maszynowym. Dynamika rozwoju i&nbsp;innowacyjno\u015b\u0107 produkcji Przedsi\u0119biorstwa Produkcyjnego Cezar doprowadzi\u0142y do&nbsp;budowy Grupy Cezar, kt\u00f3rej celem jest dalszy rozw\u00f3j bazuj\u0105cy na&nbsp;wdra\u017caniu nowych [&hellip;]<\/p>\n","protected":false},"author":2,"featured_media":0,"parent":0,"menu_order":0,"comment_status":"closed","ping_status":"closed","template":"page-about.php","meta":[],"yoast_head":"<!-- This site is optimized with the Yoast SEO plugin v15.5 - https:\/\/yoast.com\/wordpress\/plugins\/seo\/ -->\n<meta name=\"robots\" content=\"index, follow, max-snippet:-1, max-image-preview:large, max-video-preview:-1\" \/>\n<link rel=\"canonical\" href=\"https:\/\/cezarusa.com\/pl\/o-firmie\/\" \/>\n<meta property=\"og:locale\" content=\"pl_PL\" \/>\n<meta property=\"og:type\" content=\"article\" \/>\n<meta property=\"og:title\" content=\"O firmie - Cezar USA\" \/>\n<meta property=\"og:description\" content=\"Przedsi\u0119biorstwo Produkcyjne Cezar jest jednym z&nbsp;kluczowych producent\u00f3w materia\u0142\u00f3w wyko\u0144czeniowych. Firma Cezar dzia\u0142a od ko\u0144ca lat pi\u0119\u0107dziesi\u0105tych, a&nbsp;jej dynamiczny rozw\u00f3j jest notowany od roku 1997, kiedy to w&nbsp;Suwalskiej Specjalnej Strefie Ekonomicznej w&nbsp;E\u0142ku powsta\u0142a fabryka z&nbsp;nowoczesnym parkiem maszynowym. Dynamika rozwoju i&nbsp;innowacyjno\u015b\u0107 produkcji Przedsi\u0119biorstwa Produkcyjnego Cezar doprowadzi\u0142y do&nbsp;budowy Grupy Cezar, kt\u00f3rej celem jest dalszy rozw\u00f3j bazuj\u0105cy na&nbsp;wdra\u017caniu nowych [&hellip;]\" \/>\n<meta property=\"og:url\" content=\"https:\/\/cezarusa.com\/pl\/o-firmie\/\" \/>\n<meta property=\"og:site_name\" content=\"Cezar USA\" \/>\n<meta property=\"article:modified_time\" content=\"2020-10-28T11:59:42+00:00\" \/>\n<meta name=\"twitter:card\" content=\"summary_large_image\" \/>\n<meta name=\"twitter:label1\" content=\"Est. reading time\">\n\t<meta name=\"twitter:data1\" content=\"1 minuta\">\n<script type=\"application\/ld+json\" class=\"yoast-schema-graph\">{\"@context\":\"https:\/\/schema.org\",\"@graph\":[{\"@type\":\"WebSite\",\"@id\":\"https:\/\/cezarusa.com\/de\/#website\",\"url\":\"https:\/\/cezarusa.com\/de\/\",\"name\":\"Cezar USA\",\"description\":\"\",\"potentialAction\":[{\"@type\":\"SearchAction\",\"target\":\"https:\/\/cezarusa.com\/de\/?s={search_term_string}\",\"query-input\":\"required name=search_term_string\"}],\"inLanguage\":\"pl-PL\"},{\"@type\":\"WebPage\",\"@id\":\"https:\/\/cezarusa.com\/pl\/o-firmie\/#webpage\",\"url\":\"https:\/\/cezarusa.com\/pl\/o-firmie\/\",\"name\":\"O firmie - Cezar USA\",\"isPartOf\":{\"@id\":\"https:\/\/cezarusa.com\/de\/#website\"},\"datePublished\":\"2020-05-21T07:57:56+00:00\",\"dateModified\":\"2020-10-28T11:59:42+00:00\",\"inLanguage\":\"pl-PL\",\"potentialAction\":[{\"@type\":\"ReadAction\",\"target\":[\"https:\/\/cezarusa.com\/pl\/o-firmie\/\"]}]}]}<\/script>\n<!-- \/ Yoast SEO plugin. -->","_links":{"self":[{"href":"https:\/\/cezarusa.com\/pl\/wp-json\/wp\/v2\/pages\/14"}],"collection":[{"href":"https:\/\/cezarusa.com\/pl\/wp-json\/wp\/v2\/pages"}],"about":[{"href":"https:\/\/cezarusa.com\/pl\/wp-json\/wp\/v2\/types\/page"}],"author":[{"embeddable":true,"href":"https:\/\/cezarusa.com\/pl\/wp-json\/wp\/v2\/users\/2"}],"replies":[{"embeddable":true,"href":"https:\/\/cezarusa.com\/pl\/wp-json\/wp\/v2\/comments?post=14"}],"version-history":[{"count":17,"href":"https:\/\/cezarusa.com\/pl\/wp-json\/wp\/v2\/pages\/14\/revisions"}],"predecessor-version":[{"id":4858,"href":"https:\/\/cezarusa.com\/pl\/wp-json\/wp\/v2\/pages\/14\/revisions\/4858"}],"wp:attachment":[{"href":"https:\/\/cezarusa.com\/pl\/wp-json\/wp\/v2\/media?parent=14"}],"curies":[{"name":"wp","href":"https:\/\/api.w.org\/{rel}","templated":true}]}}