{"id":18,"date":"2020-05-21T09:58:21","date_gmt":"2020-05-21T07:58:21","guid":{"rendered":"https:\/\/cezarusa.com\/?page_id=18"},"modified":"2020-05-26T15:24:46","modified_gmt":"2020-05-26T13:24:46","slug":"kontakt","status":"publish","type":"page","link":"https:\/\/cezarusa.com\/pl\/kontakt\/","title":{"rendered":"Kontakt"},"content":{"rendered":"\n<p><strong>Dane teleadresowe<\/strong><\/p>\n\n\n\n<p>CEZAR Przedsi\u0119biorstwo Produkcyjne<br>Dariusz Bogdan Niewi\u0144ski<\/p>\n\n\n\n<p>ul. Strefowa 2, 19-300 E\u0142k<\/p>\n\n\n\n<p>tel. Centrala: +48 87 620 99 00<br>fax: +48 87 620 99 88<br>e-mail: <a href=\"&#109;&#x61;&#105;&#x6c;&#116;&#x6f;&#58;&#x63;&#101;&#x7a;&#97;&#x72;&#64;&#x63;e&#x7a;a&#x72;u&#x73;a&#x2e;c&#111;&#x6d;\">ceza&#114;&#64;&#99;&#101;&#122;&#x61;&#x72;&#x75;&#x73;&#x61;&#x2e;&#x63;om<\/a><\/p>\n\n\n\n<p>NIP: 542-001-15-79<br>REGON: 050126950<\/p>\n","protected":false},"excerpt":{"rendered":"<p>Dane teleadresowe CEZAR Przedsi\u0119biorstwo ProdukcyjneDariusz Bogdan Niewi\u0144ski ul. Strefowa 2, 19-300 E\u0142k tel. Centrala: +48 87 620 99 00fax: +48 87 620 99 88e-mail: &#x63;e&#x7a;a&#x72;&#64;&#x63;&#101;z&#x61;r&#x75;&#115;&#x61;&#46;&#x63;&#111;m NIP: 542-001-15-79REGON: 050126950<\/p>\n","protected":false},"author":2,"featured_media":0,"parent":0,"menu_order":0,"comment_status":"closed","ping_status":"closed","template":"page-contact.php","meta":[],"yoast_head":"<!-- This site is optimized with the Yoast SEO plugin v15.5 - https:\/\/yoast.com\/wordpress\/plugins\/seo\/ -->\n<meta name=\"robots\" content=\"index, follow, max-snippet:-1, max-image-preview:large, max-video-preview:-1\" \/>\n<link rel=\"canonical\" href=\"https:\/\/cezarusa.com\/pl\/kontakt\/\" \/>\n<meta property=\"og:locale\" content=\"pl_PL\" \/>\n<meta property=\"og:type\" content=\"article\" \/>\n<meta property=\"og:title\" content=\"Kontakt - Cezar USA\" \/>\n<meta property=\"og:description\" content=\"Dane teleadresowe CEZAR Przedsi\u0119biorstwo ProdukcyjneDariusz Bogdan Niewi\u0144ski ul. Strefowa 2, 19-300 E\u0142k tel. Centrala: +48 87 620 99 00fax: +48 87 620 99 88e-mail: ce&#122;&#097;&#114;&#x40;&#x63;&#x65;&#x7a;ar&#117;&#115;&#097;&#x2e;&#x63;&#x6f;&#x6d; NIP: 542-001-15-79REGON: 050126950\" \/>\n<meta property=\"og:url\" content=\"https:\/\/cezarusa.com\/pl\/kontakt\/\" \/>\n<meta property=\"og:site_name\" content=\"Cezar USA\" \/>\n<meta property=\"article:modified_time\" content=\"2020-05-26T13:24:46+00:00\" \/>\n<meta name=\"twitter:card\" content=\"summary_large_image\" \/>\n<meta name=\"twitter:label1\" content=\"Est. reading time\">\n\t<meta name=\"twitter:data1\" content=\"0 minut\">\n<script type=\"application\/ld+json\" class=\"yoast-schema-graph\">{\"@context\":\"https:\/\/schema.org\",\"@graph\":[{\"@type\":\"WebSite\",\"@id\":\"https:\/\/cezarusa.com\/de\/#website\",\"url\":\"https:\/\/cezarusa.com\/de\/\",\"name\":\"Cezar USA\",\"description\":\"\",\"potentialAction\":[{\"@type\":\"SearchAction\",\"target\":\"https:\/\/cezarusa.com\/de\/?s={search_term_string}\",\"query-input\":\"required name=search_term_string\"}],\"inLanguage\":\"pl-PL\"},{\"@type\":\"WebPage\",\"@id\":\"https:\/\/cezarusa.com\/pl\/kontakt\/#webpage\",\"url\":\"https:\/\/cezarusa.com\/pl\/kontakt\/\",\"name\":\"Kontakt - Cezar USA\",\"isPartOf\":{\"@id\":\"https:\/\/cezarusa.com\/de\/#website\"},\"datePublished\":\"2020-05-21T07:58:21+00:00\",\"dateModified\":\"2020-05-26T13:24:46+00:00\",\"inLanguage\":\"pl-PL\",\"potentialAction\":[{\"@type\":\"ReadAction\",\"target\":[\"https:\/\/cezarusa.com\/pl\/kontakt\/\"]}]}]}<\/script>\n<!-- \/ Yoast SEO plugin. -->","_links":{"self":[{"href":"https:\/\/cezarusa.com\/pl\/wp-json\/wp\/v2\/pages\/18"}],"collection":[{"href":"https:\/\/cezarusa.com\/pl\/wp-json\/wp\/v2\/pages"}],"about":[{"href":"https:\/\/cezarusa.com\/pl\/wp-json\/wp\/v2\/types\/page"}],"author":[{"embeddable":true,"href":"https:\/\/cezarusa.com\/pl\/wp-json\/wp\/v2\/users\/2"}],"replies":[{"embeddable":true,"href":"https:\/\/cezarusa.com\/pl\/wp-json\/wp\/v2\/comments?post=18"}],"version-history":[{"count":3,"href":"https:\/\/cezarusa.com\/pl\/wp-json\/wp\/v2\/pages\/18\/revisions"}],"predecessor-version":[{"id":328,"href":"https:\/\/cezarusa.com\/pl\/wp-json\/wp\/v2\/pages\/18\/revisions\/328"}],"wp:attachment":[{"href":"https:\/\/cezarusa.com\/pl\/wp-json\/wp\/v2\/media?parent=18"}],"curies":[{"name":"wp","href":"https:\/\/api.w.org\/{rel}","templated":true}]}}