{"id":22,"date":"2020-05-21T09:58:53","date_gmt":"2020-05-21T07:58:53","guid":{"rendered":"https:\/\/cezarusa.com\/?page_id=22"},"modified":"2020-08-04T12:15:16","modified_gmt":"2020-08-04T10:15:16","slug":"strefa-partnera","status":"publish","type":"page","link":"https:\/\/cezarusa.com\/pl\/strefa-partnera\/","title":{"rendered":"Strefa partnera"},"content":{"rendered":"\n<p>Jako zalogowany u\u017cytkownik posiadasz dost\u0119p do&nbsp;nast\u0119puj\u0105cych tre\u015bci:<\/p>\n\n\n\n<ul><li><a href=\"https:\/\/cezarusa.com\/materialy-do-pobrania\/\">Materia\u0142y do&nbsp;pobrania<\/a><\/li><li><a href=\"https:\/\/cezarusa.com\/sklep-b2b\/\">Sklep B2B<\/a><\/li><\/ul>\n","protected":false},"excerpt":{"rendered":"<p>Jako zalogowany u\u017cytkownik posiadasz dost\u0119p do&nbsp;nast\u0119puj\u0105cych tre\u015bci: Materia\u0142y do&nbsp;pobrania Sklep B2B<\/p>\n","protected":false},"author":2,"featured_media":0,"parent":0,"menu_order":0,"comment_status":"closed","ping_status":"closed","template":"page-partner-area.php","meta":[],"yoast_head":"<!-- This site is optimized with the Yoast SEO plugin v15.5 - https:\/\/yoast.com\/wordpress\/plugins\/seo\/ -->\n<meta name=\"robots\" content=\"index, follow, max-snippet:-1, max-image-preview:large, max-video-preview:-1\" \/>\n<link rel=\"canonical\" href=\"https:\/\/cezarusa.com\/pl\/strefa-partnera\/\" \/>\n<meta property=\"og:locale\" content=\"pl_PL\" \/>\n<meta property=\"og:type\" content=\"article\" \/>\n<meta property=\"og:title\" content=\"Strefa partnera - Cezar USA\" \/>\n<meta property=\"og:description\" content=\"Jako zalogowany u\u017cytkownik posiadasz dost\u0119p do&nbsp;nast\u0119puj\u0105cych tre\u015bci: Materia\u0142y do&nbsp;pobrania Sklep B2B\" \/>\n<meta property=\"og:url\" content=\"https:\/\/cezarusa.com\/pl\/strefa-partnera\/\" \/>\n<meta property=\"og:site_name\" content=\"Cezar USA\" \/>\n<meta property=\"article:modified_time\" content=\"2020-08-04T10:15:16+00:00\" \/>\n<meta name=\"twitter:card\" content=\"summary_large_image\" \/>\n<meta name=\"twitter:label1\" content=\"Est. reading time\">\n\t<meta name=\"twitter:data1\" content=\"0 minut\">\n<script type=\"application\/ld+json\" class=\"yoast-schema-graph\">{\"@context\":\"https:\/\/schema.org\",\"@graph\":[{\"@type\":\"WebSite\",\"@id\":\"https:\/\/cezarusa.com\/de\/#website\",\"url\":\"https:\/\/cezarusa.com\/de\/\",\"name\":\"Cezar USA\",\"description\":\"\",\"potentialAction\":[{\"@type\":\"SearchAction\",\"target\":\"https:\/\/cezarusa.com\/de\/?s={search_term_string}\",\"query-input\":\"required name=search_term_string\"}],\"inLanguage\":\"pl-PL\"},{\"@type\":\"WebPage\",\"@id\":\"https:\/\/cezarusa.com\/pl\/strefa-partnera\/#webpage\",\"url\":\"https:\/\/cezarusa.com\/pl\/strefa-partnera\/\",\"name\":\"Strefa partnera - Cezar USA\",\"isPartOf\":{\"@id\":\"https:\/\/cezarusa.com\/de\/#website\"},\"datePublished\":\"2020-05-21T07:58:53+00:00\",\"dateModified\":\"2020-08-04T10:15:16+00:00\",\"inLanguage\":\"pl-PL\",\"potentialAction\":[{\"@type\":\"ReadAction\",\"target\":[\"https:\/\/cezarusa.com\/pl\/strefa-partnera\/\"]}]}]}<\/script>\n<!-- \/ Yoast SEO plugin. -->","_links":{"self":[{"href":"https:\/\/cezarusa.com\/pl\/wp-json\/wp\/v2\/pages\/22"}],"collection":[{"href":"https:\/\/cezarusa.com\/pl\/wp-json\/wp\/v2\/pages"}],"about":[{"href":"https:\/\/cezarusa.com\/pl\/wp-json\/wp\/v2\/types\/page"}],"author":[{"embeddable":true,"href":"https:\/\/cezarusa.com\/pl\/wp-json\/wp\/v2\/users\/2"}],"replies":[{"embeddable":true,"href":"https:\/\/cezarusa.com\/pl\/wp-json\/wp\/v2\/comments?post=22"}],"version-history":[{"count":7,"href":"https:\/\/cezarusa.com\/pl\/wp-json\/wp\/v2\/pages\/22\/revisions"}],"predecessor-version":[{"id":18700,"href":"https:\/\/cezarusa.com\/pl\/wp-json\/wp\/v2\/pages\/22\/revisions\/18700"}],"wp:attachment":[{"href":"https:\/\/cezarusa.com\/pl\/wp-json\/wp\/v2\/media?parent=22"}],"curies":[{"name":"wp","href":"https:\/\/api.w.org\/{rel}","templated":true}]}}