{"id":383,"date":"2020-05-29T09:35:01","date_gmt":"2020-05-29T07:35:01","guid":{"rendered":"https:\/\/cezarusa.com\/?page_id=383"},"modified":"2020-07-17T12:38:11","modified_gmt":"2020-07-17T10:38:11","slug":"polityka-marketingowa","status":"publish","type":"page","link":"https:\/\/cezarusa.com\/pl\/polityka-marketingowa\/","title":{"rendered":"Polityka Marketingowa"},"content":{"rendered":"\n<p>O\u015bwiadczam, \u017ce&nbsp;poinformowano mnie o&nbsp;tym, \u017ce:<\/p>\n\n\n\n<p>1. Administratorem moich danych osobowych przetwarzanych w&nbsp;celu wysy\u0142ki newslettera jest <strong>CEZAR, <\/strong>Przedsi\u0119biorstwo Produkcyjne Dariusz Bogdan Niewi\u0144ski, ul. Strefowa 2, 19-300 E\u0142k.<\/p>\n\n\n\n<p>2. Inspektorem ochrony danych w&nbsp;przedsi\u0119biorstwie CEZAR jest dr Andrzej Marek Kisiel, e-mail: i&#111;&#x64;&#x6f;&#64;&#99;&#x65;&#x7a;a&#114;&#x75;&#x73;a&#46;&#x63;&#x6f;m<\/p>\n\n\n\n<p>3. Dane osobowe b\u0119d\u0105 przetwarzane w&nbsp;celach wysy\u0142ki newslettera. &nbsp;<\/p>\n\n\n\n<p>4. Przyjmuj\u0119 do&nbsp;wiadomo\u015bci, i\u017c podanie danych osobowych jest dobrowolne, ale&nbsp;konieczne, bym m\u00f3g\u0142 otrzymywa\u0107 newsletter.<\/p>\n\n\n\n<p>5. Przetwarzanie podanych przeze mnie danych osobowych w&nbsp;celu otrzymywania newslettera odbywa si\u0119 w&nbsp;oparciu o&nbsp;dobrowolnie wyra\u017con\u0105 zgod\u0119 (art. 6 ust. 1 lit. a&nbsp;rozporz\u0105dzenia Parlamentu Europejskiego i&nbsp;Rady (UE) 2016\/679 z&nbsp;27.04.2016 r. w&nbsp;sprawie ochrony os\u00f3b fizycznych w&nbsp;zwi\u0105zku z&nbsp;przetwarzaniem danych osobowych i&nbsp;w sprawie swobodnego przep\u0142ywu takich danych oraz&nbsp;uchylenia dyrektywy 95\/46\/WE (og\u00f3lne rozporz\u0105dzenie o&nbsp;ochronie danych) (Dz.U. UE. L. z&nbsp;2016 r. Nr 119, str. 1) \u2013 dalej RODO).<\/p>\n\n\n\n<p>6. Dane b\u0119d\u0105 mog\u0142y by\u0107 r\u00f3wnie\u017c przetwarzane niezale\u017cnie od wyra\u017conej zgody, w&nbsp;zwi\u0105zku z&nbsp;dochodzeniem\/obron\u0105 roszcze\u0144 (art. 6 ust. 1 lit. f RODO).<\/p>\n\n\n\n<p>7. Mam prawo do&nbsp;\u017c\u0105dania od administratora dost\u0119pu do&nbsp;moich danych osobowych, ich sprostowania, usuni\u0119cia lub&nbsp;ograniczenia przetwarzania, prawo do&nbsp;wniesienia sprzeciwu wobec przetwarzania, a&nbsp;tak\u017ce prawo do&nbsp;przenoszenia danych<strong>&nbsp;oraz prawo do&nbsp;z\u0142o\u017cenia o\u015bwiadczenia o&nbsp;cofni\u0119ciu ka\u017cdej wyra\u017conej zgody w&nbsp;ka\u017cdym czasie.&nbsp;Cofni\u0119cie zgody nie ma wp\u0142ywu na&nbsp;zgodno\u015b\u0107 z&nbsp;prawem przetwarzania, kt\u00f3rego dokonano na&nbsp;podstawie zgody przed jej cofni\u0119ciem.<\/strong><\/p>\n\n\n\n<p>8. Moje dane osobowe b\u0119d\u0105 przetwarzane przez&nbsp;okres niezb\u0119dny do&nbsp;wy\u0142\u0105cznego celu realizacji newslettera, nie d\u0142u\u017cej jednak&nbsp;ni\u017c 10 lat.<\/p>\n\n\n\n<p>Moje dane osobowe b\u0119d\u0105 mog\u0142y by\u0107 przetwarzane przez&nbsp;okres przedawnienia roszcze\u0144 zwi\u0105zanych z&nbsp;przetwarzaniem moich danych osobowych w&nbsp;celach okre\u015blonych w&nbsp;powy\u017cszej deklaracji zgody.<\/p>\n\n\n\n<p>9. Moje dane nie b\u0119d\u0105 przekazywane innym odbiorcom, ani&nbsp;do&nbsp;pa\u0144stw trzecich\/organizacji mi\u0119dzynarodowych<\/p>\n\n\n\n<p>10. Moje dane nie b\u0119d\u0105 przetwarzane w&nbsp;spos\u00f3b zautomatyzowany.&nbsp;<\/p>\n\n\n\n<p>11. Przys\u0142uguje mi prawo do&nbsp;wniesienia skargi do&nbsp;Prezesa Urz\u0119du Ochrony Danych Osobowych.<\/p>\n","protected":false},"excerpt":{"rendered":"<p>O\u015bwiadczam, \u017ce&nbsp;poinformowano mnie o&nbsp;tym, \u017ce: 1. Administratorem moich danych osobowych przetwarzanych w&nbsp;celu wysy\u0142ki newslettera jest CEZAR, Przedsi\u0119biorstwo Produkcyjne Dariusz Bogdan Niewi\u0144ski, ul. Strefowa 2, 19-300 E\u0142k. 2. Inspektorem ochrony danych w&nbsp;przedsi\u0119biorstwie CEZAR jest dr Andrzej Marek Kisiel, e-mail: &#x69;&#x6f;&#x64;&#111;&#64;ce&#x7a;&#x61;&#x72;&#117;&#115;a&#46;&#x63;&#x6f;&#x6d; 3. Dane osobowe b\u0119d\u0105 przetwarzane w&nbsp;celach wysy\u0142ki newslettera. &nbsp; 4. Przyjmuj\u0119 do&nbsp;wiadomo\u015bci, i\u017c podanie danych osobowych [&hellip;]<\/p>\n","protected":false},"author":2,"featured_media":0,"parent":0,"menu_order":0,"comment_status":"closed","ping_status":"closed","template":"","meta":[],"yoast_head":"<!-- This site is optimized with the Yoast SEO plugin v15.5 - https:\/\/yoast.com\/wordpress\/plugins\/seo\/ -->\n<meta name=\"robots\" content=\"index, follow, max-snippet:-1, max-image-preview:large, max-video-preview:-1\" \/>\n<link rel=\"canonical\" href=\"https:\/\/cezarusa.com\/pl\/polityka-marketingowa\/\" \/>\n<meta property=\"og:locale\" content=\"pl_PL\" \/>\n<meta property=\"og:type\" content=\"article\" \/>\n<meta property=\"og:title\" content=\"Polityka Marketingowa - Cezar USA\" \/>\n<meta property=\"og:description\" content=\"O\u015bwiadczam, \u017ce&nbsp;poinformowano mnie o&nbsp;tym, \u017ce: 1. Administratorem moich danych osobowych przetwarzanych w&nbsp;celu wysy\u0142ki newslettera jest CEZAR, Przedsi\u0119biorstwo Produkcyjne Dariusz Bogdan Niewi\u0144ski, ul. Strefowa 2, 19-300 E\u0142k. 2. Inspektorem ochrony danych w&nbsp;przedsi\u0119biorstwie CEZAR jest dr Andrzej Marek Kisiel, e-mail: &#x69;&#x6f;&#100;&#111;&#064;&#x63;&#x65;&#x7a;&#097;ru&#x73;&#x61;&#046;&#099;o&#x6d; 3. Dane osobowe b\u0119d\u0105 przetwarzane w&nbsp;celach wysy\u0142ki newslettera. &nbsp; 4. Przyjmuj\u0119 do&nbsp;wiadomo\u015bci, i\u017c podanie danych osobowych [&hellip;]\" \/>\n<meta property=\"og:url\" content=\"https:\/\/cezarusa.com\/pl\/polityka-marketingowa\/\" \/>\n<meta property=\"og:site_name\" content=\"Cezar USA\" \/>\n<meta property=\"article:modified_time\" content=\"2020-07-17T10:38:11+00:00\" \/>\n<meta name=\"twitter:card\" content=\"summary_large_image\" \/>\n<meta name=\"twitter:label1\" content=\"Est. reading time\">\n\t<meta name=\"twitter:data1\" content=\"1 minuta\">\n<script type=\"application\/ld+json\" class=\"yoast-schema-graph\">{\"@context\":\"https:\/\/schema.org\",\"@graph\":[{\"@type\":\"WebSite\",\"@id\":\"https:\/\/cezarusa.com\/de\/#website\",\"url\":\"https:\/\/cezarusa.com\/de\/\",\"name\":\"Cezar USA\",\"description\":\"\",\"potentialAction\":[{\"@type\":\"SearchAction\",\"target\":\"https:\/\/cezarusa.com\/de\/?s={search_term_string}\",\"query-input\":\"required name=search_term_string\"}],\"inLanguage\":\"pl-PL\"},{\"@type\":\"WebPage\",\"@id\":\"https:\/\/cezarusa.com\/pl\/polityka-marketingowa\/#webpage\",\"url\":\"https:\/\/cezarusa.com\/pl\/polityka-marketingowa\/\",\"name\":\"Polityka Marketingowa - Cezar USA\",\"isPartOf\":{\"@id\":\"https:\/\/cezarusa.com\/de\/#website\"},\"datePublished\":\"2020-05-29T07:35:01+00:00\",\"dateModified\":\"2020-07-17T10:38:11+00:00\",\"inLanguage\":\"pl-PL\",\"potentialAction\":[{\"@type\":\"ReadAction\",\"target\":[\"https:\/\/cezarusa.com\/pl\/polityka-marketingowa\/\"]}]}]}<\/script>\n<!-- \/ Yoast SEO plugin. -->","_links":{"self":[{"href":"https:\/\/cezarusa.com\/pl\/wp-json\/wp\/v2\/pages\/383"}],"collection":[{"href":"https:\/\/cezarusa.com\/pl\/wp-json\/wp\/v2\/pages"}],"about":[{"href":"https:\/\/cezarusa.com\/pl\/wp-json\/wp\/v2\/types\/page"}],"author":[{"embeddable":true,"href":"https:\/\/cezarusa.com\/pl\/wp-json\/wp\/v2\/users\/2"}],"replies":[{"embeddable":true,"href":"https:\/\/cezarusa.com\/pl\/wp-json\/wp\/v2\/comments?post=383"}],"version-history":[{"count":5,"href":"https:\/\/cezarusa.com\/pl\/wp-json\/wp\/v2\/pages\/383\/revisions"}],"predecessor-version":[{"id":10487,"href":"https:\/\/cezarusa.com\/pl\/wp-json\/wp\/v2\/pages\/383\/revisions\/10487"}],"wp:attachment":[{"href":"https:\/\/cezarusa.com\/pl\/wp-json\/wp\/v2\/media?parent=383"}],"curies":[{"name":"wp","href":"https:\/\/api.w.org\/{rel}","templated":true}]}}