{"id":8,"date":"2020-05-20T10:37:58","date_gmt":"2020-05-20T08:37:58","guid":{"rendered":"https:\/\/cezarusa.com\/?page_id=8"},"modified":"2020-08-11T14:16:03","modified_gmt":"2020-08-11T12:16:03","slug":"strona-glowna","status":"publish","type":"page","link":"https:\/\/cezarusa.com\/pl\/","title":{"rendered":"Strona g\u0142\u00f3wna"},"content":{"rendered":"","protected":false},"excerpt":{"rendered":"","protected":false},"author":2,"featured_media":0,"parent":0,"menu_order":0,"comment_status":"closed","ping_status":"closed","template":"","meta":[],"yoast_head":"<!-- This site is optimized with the Yoast SEO plugin v15.5 - https:\/\/yoast.com\/wordpress\/plugins\/seo\/ -->\n<meta name=\"robots\" content=\"index, follow, max-snippet:-1, max-image-preview:large, max-video-preview:-1\" \/>\n<link rel=\"canonical\" href=\"https:\/\/cezarusa.com\/pl\/\" \/>\n<meta property=\"og:locale\" content=\"pl_PL\" \/>\n<meta property=\"og:type\" content=\"article\" \/>\n<meta property=\"og:title\" content=\"Cezar - Producent listew wyko\u0144czeniowych - Materia\u0142y wyko\u0144czeniowe, listwy do wszystkich rodzaj\u00f3w pod\u0142\u00f3g, podk\u0142ady, du\u017cy wyb\u00f3r paneli \u015bciennych.\" \/>\n<meta property=\"og:url\" content=\"https:\/\/cezarusa.com\/pl\/\" \/>\n<meta property=\"og:site_name\" content=\"Cezar USA\" \/>\n<meta property=\"article:modified_time\" content=\"2020-08-11T12:16:03+00:00\" \/>\n<meta name=\"twitter:card\" content=\"summary_large_image\" \/>\n<script type=\"application\/ld+json\" class=\"yoast-schema-graph\">{\"@context\":\"https:\/\/schema.org\",\"@graph\":[{\"@type\":\"WebSite\",\"@id\":\"https:\/\/cezarusa.com\/de\/#website\",\"url\":\"https:\/\/cezarusa.com\/de\/\",\"name\":\"Cezar USA\",\"description\":\"\",\"potentialAction\":[{\"@type\":\"SearchAction\",\"target\":\"https:\/\/cezarusa.com\/de\/?s={search_term_string}\",\"query-input\":\"required name=search_term_string\"}],\"inLanguage\":\"pl-PL\"},{\"@type\":\"WebPage\",\"@id\":\"https:\/\/cezarusa.com\/pl\/#webpage\",\"url\":\"https:\/\/cezarusa.com\/pl\/\",\"name\":\"Cezar - Producent listew wyko\\u0144czeniowych - Materia\\u0142y wyko\\u0144czeniowe, listwy do wszystkich rodzaj\\u00f3w pod\\u0142\\u00f3g, podk\\u0142ady, du\\u017cy wyb\\u00f3r paneli \\u015bciennych.\",\"isPartOf\":{\"@id\":\"https:\/\/cezarusa.com\/de\/#website\"},\"datePublished\":\"2020-05-20T08:37:58+00:00\",\"dateModified\":\"2020-08-11T12:16:03+00:00\",\"inLanguage\":\"pl-PL\",\"potentialAction\":[{\"@type\":\"ReadAction\",\"target\":[\"https:\/\/cezarusa.com\/pl\/\"]}]}]}<\/script>\n<!-- \/ Yoast SEO plugin. -->","_links":{"self":[{"href":"https:\/\/cezarusa.com\/pl\/wp-json\/wp\/v2\/pages\/8"}],"collection":[{"href":"https:\/\/cezarusa.com\/pl\/wp-json\/wp\/v2\/pages"}],"about":[{"href":"https:\/\/cezarusa.com\/pl\/wp-json\/wp\/v2\/types\/page"}],"author":[{"embeddable":true,"href":"https:\/\/cezarusa.com\/pl\/wp-json\/wp\/v2\/users\/2"}],"replies":[{"embeddable":true,"href":"https:\/\/cezarusa.com\/pl\/wp-json\/wp\/v2\/comments?post=8"}],"version-history":[{"count":59,"href":"https:\/\/cezarusa.com\/pl\/wp-json\/wp\/v2\/pages\/8\/revisions"}],"predecessor-version":[{"id":20366,"href":"https:\/\/cezarusa.com\/pl\/wp-json\/wp\/v2\/pages\/8\/revisions\/20366"}],"wp:attachment":[{"href":"https:\/\/cezarusa.com\/pl\/wp-json\/wp\/v2\/media?parent=8"}],"curies":[{"name":"wp","href":"https:\/\/api.w.org\/{rel}","templated":true}]}}