{"id":5729,"date":"2020-05-21T09:58:21","date_gmt":"2020-05-21T07:58:21","guid":{"rendered":"https:\/\/cezarusa.com\/kontakt\/"},"modified":"2020-06-25T16:00:14","modified_gmt":"2020-06-25T14:00:14","slug":"%d0%ba%d0%be%d0%bd%d1%82%d0%b0%d0%ba%d1%82%d1%8b","status":"publish","type":"page","link":"https:\/\/cezarusa.com\/ru\/%d0%ba%d0%be%d0%bd%d1%82%d0%b0%d0%ba%d1%82%d1%8b\/","title":{"rendered":"\u041a\u043e\u043d\u0442\u0430\u043a\u0442\u044b"},"content":{"rendered":"\n<p><strong>\u0414\u0410\u041d\u041d\u042b\u0415 \u0424\u0418\u0420\u041c\u042b<\/strong><\/p>\n\n\n\n<p>CEZAR Przedsi\u0119biorstwo Produkcyjne<br>Dariusz Bogdan Niewi\u0144ski<\/p>\n\n\n\n<p>ul. Strefowa 2, 19-300 E\u0142k<\/p>\n\n\n\n<p>tel. Centrala: +48 87 620 99 00<br>fax: +48 87 620 99 88<br>e-mail: <a href=\"&#x6d;&#x61;&#105;l&#x74;&#x6f;&#58;&#99;e&#x7a;&#x61;&#114;&#64;c&#x65;&#x7a;&#97;ru&#x73;&#x61;&#46;c&#x6f;&#x6d;\">&#x63;&#101;&#x7a;&#x61;&#114;&#x40;&#99;e&#x7a;&#97;r&#x75;&#115;a&#x2e;&#99;o&#x6d;<\/a><\/p>\n\n\n\n<p>NIP: 542-001-15-79<br>REGON: 050126950<\/p>\n","protected":false},"excerpt":{"rendered":"<p>\u0414\u0410\u041d\u041d\u042b\u0415 \u0424\u0418\u0420\u041c\u042b CEZAR Przedsi\u0119biorstwo ProdukcyjneDariusz Bogdan Niewi\u0144ski ul. Strefowa 2, 19-300 E\u0142k tel. Centrala: +48 87 620 99 00fax: +48 87 620 99 88e-mail: &#x63;&#x65;&#x7a;&#x61;&#x72;&#x40;&#x63;&#x65;&#x7a;&#x61;&#x72;&#117;&#115;&#97;&#46;&#99;&#111;&#109; NIP: 542-001-15-79REGON: 050126950<\/p>\n","protected":false},"author":2,"featured_media":0,"parent":0,"menu_order":0,"comment_status":"closed","ping_status":"closed","template":"page-contact.php","meta":[],"yoast_head":"<!-- This site is optimized with the Yoast SEO plugin v15.5 - https:\/\/yoast.com\/wordpress\/plugins\/seo\/ -->\n<meta name=\"robots\" content=\"index, follow, max-snippet:-1, max-image-preview:large, max-video-preview:-1\" \/>\n<link rel=\"canonical\" href=\"https:\/\/cezarusa.com\/ru\/\u043a\u043e\u043d\u0442\u0430\u043a\u0442\u044b\/\" \/>\n<meta property=\"og:locale\" content=\"ru_RU\" \/>\n<meta property=\"og:type\" content=\"article\" \/>\n<meta property=\"og:title\" content=\"\u041a\u043e\u043d\u0442\u0430\u043a\u0442\u044b - Cezar USA\" \/>\n<meta property=\"og:description\" content=\"\u0414\u0410\u041d\u041d\u042b\u0415 \u0424\u0418\u0420\u041c\u042b CEZAR Przedsi\u0119biorstwo ProdukcyjneDariusz Bogdan Niewi\u0144ski ul. Strefowa 2, 19-300 E\u0142k tel. Centrala: +48 87 620 99 00fax: +48 87 620 99 88e-mail: &#x63;&#x65;&#122;a&#x72;&#x40;&#099;&#101;z&#x61;&#x72;&#117;&#115;a&#x2e;&#x63;&#111;m NIP: 542-001-15-79REGON: 050126950\" \/>\n<meta property=\"og:url\" content=\"https:\/\/cezarusa.com\/ru\/\u043a\u043e\u043d\u0442\u0430\u043a\u0442\u044b\/\" \/>\n<meta property=\"og:site_name\" content=\"Cezar USA\" \/>\n<meta property=\"article:modified_time\" content=\"2020-06-25T14:00:14+00:00\" \/>\n<meta name=\"twitter:card\" content=\"summary_large_image\" \/>\n<meta name=\"twitter:label1\" content=\"Est. reading time\">\n\t<meta name=\"twitter:data1\" content=\"0 \u043c\u0438\u043d\u0443\u0442\">\n<script type=\"application\/ld+json\" class=\"yoast-schema-graph\">{\"@context\":\"https:\/\/schema.org\",\"@graph\":[{\"@type\":\"WebSite\",\"@id\":\"https:\/\/cezarusa.com\/de\/#website\",\"url\":\"https:\/\/cezarusa.com\/de\/\",\"name\":\"Cezar USA\",\"description\":\"\",\"potentialAction\":[{\"@type\":\"SearchAction\",\"target\":\"https:\/\/cezarusa.com\/de\/?s={search_term_string}\",\"query-input\":\"required name=search_term_string\"}],\"inLanguage\":\"ru-RU\"},{\"@type\":\"WebPage\",\"@id\":\"https:\/\/cezarusa.com\/ru\/%d0%ba%d0%be%d0%bd%d1%82%d0%b0%d0%ba%d1%82%d1%8b\/#webpage\",\"url\":\"https:\/\/cezarusa.com\/ru\/%d0%ba%d0%be%d0%bd%d1%82%d0%b0%d0%ba%d1%82%d1%8b\/\",\"name\":\"\\u041a\\u043e\\u043d\\u0442\\u0430\\u043a\\u0442\\u044b - Cezar USA\",\"isPartOf\":{\"@id\":\"https:\/\/cezarusa.com\/de\/#website\"},\"datePublished\":\"2020-05-21T07:58:21+00:00\",\"dateModified\":\"2020-06-25T14:00:14+00:00\",\"inLanguage\":\"ru-RU\",\"potentialAction\":[{\"@type\":\"ReadAction\",\"target\":[\"https:\/\/cezarusa.com\/ru\/%d0%ba%d0%be%d0%bd%d1%82%d0%b0%d0%ba%d1%82%d1%8b\/\"]}]}]}<\/script>\n<!-- \/ Yoast SEO plugin. -->","_links":{"self":[{"href":"https:\/\/cezarusa.com\/ru\/wp-json\/wp\/v2\/pages\/5729"}],"collection":[{"href":"https:\/\/cezarusa.com\/ru\/wp-json\/wp\/v2\/pages"}],"about":[{"href":"https:\/\/cezarusa.com\/ru\/wp-json\/wp\/v2\/types\/page"}],"author":[{"embeddable":true,"href":"https:\/\/cezarusa.com\/ru\/wp-json\/wp\/v2\/users\/2"}],"replies":[{"embeddable":true,"href":"https:\/\/cezarusa.com\/ru\/wp-json\/wp\/v2\/comments?post=5729"}],"version-history":[{"count":2,"href":"https:\/\/cezarusa.com\/ru\/wp-json\/wp\/v2\/pages\/5729\/revisions"}],"predecessor-version":[{"id":5790,"href":"https:\/\/cezarusa.com\/ru\/wp-json\/wp\/v2\/pages\/5729\/revisions\/5790"}],"wp:attachment":[{"href":"https:\/\/cezarusa.com\/ru\/wp-json\/wp\/v2\/media?parent=5729"}],"curies":[{"name":"wp","href":"https:\/\/api.w.org\/{rel}","templated":true}]}}